{"id":314,"date":"2025-02-01T14:28:40","date_gmt":"2025-02-01T14:28:40","guid":{"rendered":"https:\/\/lamiahealthtravel.com\/unsere-dienstleistungen\/"},"modified":"2025-02-03T12:52:44","modified_gmt":"2025-02-03T12:52:44","slug":"unsere-dienstleistungen","status":"publish","type":"page","link":"https:\/\/lamiahealthtravel.com\/de\/unsere-dienstleistungen\/","title":{"rendered":"Unsere Dienstleistungen"},"content":{"rendered":"<div class=\"fusion-fullwidth fullwidth-box fusion-builder-row-1 fusion-flex-container has-pattern-background has-mask-background nonhundred-percent-fullwidth non-hundred-percent-height-scrolling\" style=\"--awb-border-radius-top-left:0px;--awb-border-radius-top-right:0px;--awb-border-radius-bottom-right:0px;--awb-border-radius-bottom-left:0px;--awb-flex-wrap:wrap;\" ><div class=\"fusion-builder-row fusion-row fusion-flex-align-items-flex-start fusion-flex-content-wrap\" style=\"max-width:1248px;margin-left: calc(-4% \/ 2 );margin-right: calc(-4% \/ 2 );\"><div class=\"fusion-layout-column fusion_builder_column fusion-builder-column-0 fusion_builder_column_1_1 1_1 fusion-flex-column\" style=\"--awb-bg-size:cover;--awb-width-large:100%;--awb-margin-top-large:0px;--awb-spacing-right-large:1.92%;--awb-margin-bottom-large:20px;--awb-spacing-left-large:1.92%;--awb-width-medium:100%;--awb-order-medium:0;--awb-spacing-right-medium:1.92%;--awb-spacing-left-medium:1.92%;--awb-width-small:100%;--awb-order-small:0;--awb-spacing-right-small:1.92%;--awb-spacing-left-small:1.92%;\"><div class=\"fusion-column-wrapper fusion-column-has-shadow fusion-flex-justify-content-flex-start fusion-content-layout-column\"><div class=\"fusion-title title fusion-title-1 fusion-sep-none fusion-title-text fusion-title-size-one\"><h1 class=\"fusion-title-heading title-heading-left\" style=\"margin:0;\"><strong>Unsere Dienstleistungen  <\/strong><br \/><\/h1><\/div><div class=\"fusion-content-boxes content-boxes columns row fusion-columns-1 fusion-columns-total-1 fusion-content-boxes-1 content-boxes-icon-with-title content-left\" style=\"--awb-hover-accent-color:var(--awb-color5);--awb-circle-hover-accent-color:var(--awb-color5);--awb-item-margin-bottom:40px;\" data-animationOffset=\"top-into-view\"><div style=\"--awb-backgroundcolor:rgba(255,255,255,0);\" class=\"fusion-column content-box-column content-box-column content-box-column-1 col-lg-12 col-md-12 col-sm-12 fusion-content-box-hover content-box-column-last content-box-column-last-in-row\"><div class=\"col content-box-wrapper content-wrapper link-area-link-icon content-icon-wrapper-yes icon-hover-animation-fade\" data-animationOffset=\"top-into-view\"><div class=\"heading icon-left\"><h2 class=\"content-box-heading\" style=\"--h2_typography-font-size:24px;line-height:29px;\">Gesundheitstourismus und komfortable Reiseservices in Istanbul<\/h2><\/div><div class=\"fusion-clearfix\"><\/div><div class=\"content-container\">\n<h3 data-fontsize=\"40\" style=\"--fontSize: 40; line-height: 1.2;\" data-lineheight=\"48px\" class=\"fusion-responsive-typography-calculated\"><\/h3>\n<p>LAMIYA HEALTH TRAVEL &#8211; Ihr zuverl\u00e4ssiger Partner im Gesundheitstourismus<\/p>\n<p>Die T\u00fcrkei hat sich zu einem Top-Reiseziel f\u00fcr den Gesundheitstourismus entwickelt, wobei Istanbul dank seiner medizinischen Einrichtungen von Weltklasse den Ton angibt. Wir von Lamiya Health Travel sorgen f\u00fcr eine nahtlose, stressfreie und lohnende medizinische Reise und k\u00fcmmern uns um alles, vom Flughafentransfer bis zu erstklassigen Unterk\u00fcnften, damit Sie sich auf Ihre Gesundheit konzentrieren k\u00f6nnen.<\/p>\n<p>Problemlose Flughafentransfers<\/p>\n<p>Wir sorgen f\u00fcr einen reibungslosen, p\u00fcnktlichen Transfer vom Flughafen Istanbul und vom Flughafen Sabiha G\u00f6k\u00e7en und verfolgen die Fl\u00fcge in Echtzeit, um eine problemlose Ankunft zu gew\u00e4hrleisten.<\/p>\n<p>\u2714\ufe0f Komfortable Fahrzeuge &#8211; VIP-Autos, Kleinbusse und private Transfers<\/p>\n<p>\u2714\ufe0f Professionelle Fahrer &#8211; Sicher, zuvorkommend und erfahren<\/p>\n<p>\u2714\ufe0f Hygienisch &amp; gesundheitsorientiert &#8211; Desinfizierte Fahrzeuge f\u00fcr medizinische Reisende<\/p>\n<p>\u2714\ufe0f Direkte Transfers &#8211; Keine unn\u00f6tigen Stopps, direkt zu Ihrem Hotel oder Ihrer Klinik<\/p>\n<p>Premium Unterkunft in Istanbul<\/p>\n<p>Ihr Komfort und Ihre Sicherheit sind unsere Priorit\u00e4t. Wir bieten Ihnen sorgf\u00e4ltig ausgew\u00e4hlte Aufenthalte in der N\u00e4he von medizinischen Zentren, die auf Ihr Budget und Ihre Bed\u00fcrfnisse zugeschnitten sind.<\/p>\n<p>\ud83c\udfe8 Luxushotels &#8211; 5-Sterne-Einrichtungen mit erstklassigem Service<\/p>\n<p>\ud83c\udfe1 Boutique Hotels &#8211; Gem\u00fctliche, intime Aufenthalte mit pers\u00f6nlicher Gastfreundschaft<\/p>\n<p>\ud83c\udfe2 Apart Hotels &amp; Private Residenzen &#8211; Ideal f\u00fcr Langzeitaufenthalte und Privatsph\u00e4re<\/p>\n<p>Der 24\/7-G\u00e4ste-Support sorgt f\u00fcr Hilfe, wann immer Sie sie ben\u00f6tigen.<\/p>\n<p>Warum Lamiya Gesundheitsreisen w\u00e4hlen?<\/p>\n<p>\u2714\ufe0f Ma\u00dfgeschneiderte Pl\u00e4ne &#8211; Personalisierte Reise- und medizinische L\u00f6sungen<\/p>\n<p>\u2714\ufe0f End-to-End-Service &#8211; Von der Ankunft bis zur Bergung, wir k\u00fcmmern uns um alles<\/p>\n<p>\u2714\ufe0f Stadtf\u00fchrungen &amp; Kultur &#8211; Erleben Sie neben Ihrer Behandlung die reiche Geschichte Istanbuls<\/p>\n<p>\u2714\ufe0f Unterst\u00fctzung nach der Behandlung &#8211; Nachsorge und Betreuung nach Ihrem Eingriff<\/p>\n<p>Ihr vertrauensw\u00fcrdiger Name im Gesundheitstourismus<\/p>\n<p>Bei Lamiya Health Travel stehen wir f\u00fcr au\u00dfergew\u00f6hnlichen Service und erstklassige Betreuung, um eine reibungslose und sorgenfreie medizinische Reise in die T\u00fcrkei zu gew\u00e4hrleisten.<\/p>\n<p>\ud83d\udccd Erleben Sie Gesundheit und Komfort im Herzen von Istanbul!<\/p>\n<\/div><\/div><\/div><div class=\"fusion-clearfix\"><\/div><\/div><\/div><\/div><\/div><\/div>\n","protected":false},"excerpt":{"rendered":"","protected":false},"author":1,"featured_media":0,"parent":0,"menu_order":0,"comment_status":"closed","ping_status":"closed","template":"100-width.php","meta":{"footnotes":""},"class_list":["post-314","page","type-page","status-publish","hentry"],"_links":{"self":[{"href":"https:\/\/lamiahealthtravel.com\/de\/wp-json\/wp\/v2\/pages\/314","targetHints":{"allow":["GET"]}}],"collection":[{"href":"https:\/\/lamiahealthtravel.com\/de\/wp-json\/wp\/v2\/pages"}],"about":[{"href":"https:\/\/lamiahealthtravel.com\/de\/wp-json\/wp\/v2\/types\/page"}],"author":[{"embeddable":true,"href":"https:\/\/lamiahealthtravel.com\/de\/wp-json\/wp\/v2\/users\/1"}],"replies":[{"embeddable":true,"href":"https:\/\/lamiahealthtravel.com\/de\/wp-json\/wp\/v2\/comments?post=314"}],"version-history":[{"count":1,"href":"https:\/\/lamiahealthtravel.com\/de\/wp-json\/wp\/v2\/pages\/314\/revisions"}],"predecessor-version":[{"id":317,"href":"https:\/\/lamiahealthtravel.com\/de\/wp-json\/wp\/v2\/pages\/314\/revisions\/317"}],"wp:attachment":[{"href":"https:\/\/lamiahealthtravel.com\/de\/wp-json\/wp\/v2\/media?parent=314"}],"curies":[{"name":"wp","href":"https:\/\/api.w.org\/{rel}","templated":true}]}}