{"id":116,"date":"2025-02-01T14:28:40","date_gmt":"2025-02-01T14:28:40","guid":{"rendered":"https:\/\/lamiahealthtravel.com\/hizmetlerimiz\/"},"modified":"2025-02-03T12:10:52","modified_gmt":"2025-02-03T12:10:52","slug":"hizmetlerimiz","status":"publish","type":"page","link":"https:\/\/lamiahealthtravel.com\/tr\/hizmetlerimiz\/","title":{"rendered":"Hizmetlerimiz"},"content":{"rendered":"<div class=\"fusion-fullwidth fullwidth-box fusion-builder-row-1 fusion-flex-container has-pattern-background has-mask-background nonhundred-percent-fullwidth non-hundred-percent-height-scrolling\" style=\"--awb-border-radius-top-left:0px;--awb-border-radius-top-right:0px;--awb-border-radius-bottom-right:0px;--awb-border-radius-bottom-left:0px;--awb-flex-wrap:wrap;\" ><div class=\"fusion-builder-row fusion-row fusion-flex-align-items-flex-start fusion-flex-content-wrap\" style=\"max-width:1248px;margin-left: calc(-4% \/ 2 );margin-right: calc(-4% \/ 2 );\"><div class=\"fusion-layout-column fusion_builder_column fusion-builder-column-0 fusion_builder_column_1_1 1_1 fusion-flex-column\" style=\"--awb-bg-size:cover;--awb-width-large:100%;--awb-margin-top-large:0px;--awb-spacing-right-large:1.92%;--awb-margin-bottom-large:20px;--awb-spacing-left-large:1.92%;--awb-width-medium:100%;--awb-order-medium:0;--awb-spacing-right-medium:1.92%;--awb-spacing-left-medium:1.92%;--awb-width-small:100%;--awb-order-small:0;--awb-spacing-right-small:1.92%;--awb-spacing-left-small:1.92%;\"><div class=\"fusion-column-wrapper fusion-column-has-shadow fusion-flex-justify-content-flex-start fusion-content-layout-column\"><div class=\"fusion-title title fusion-title-1 fusion-sep-none fusion-title-text fusion-title-size-one\"><h1 class=\"fusion-title-heading title-heading-left\" style=\"margin:0;\"><strong>Hizmetlerimiz  <\/strong><br \/><\/h1><\/div><div class=\"fusion-content-boxes content-boxes columns row fusion-columns-1 fusion-columns-total-1 fusion-content-boxes-1 content-boxes-icon-with-title content-left\" style=\"--awb-hover-accent-color:var(--awb-color5);--awb-circle-hover-accent-color:var(--awb-color5);--awb-item-margin-bottom:40px;\" data-animationOffset=\"top-into-view\"><div style=\"--awb-backgroundcolor:rgba(255,255,255,0);\" class=\"fusion-column content-box-column content-box-column content-box-column-1 col-lg-12 col-md-12 col-sm-12 fusion-content-box-hover content-box-column-last content-box-column-last-in-row\"><div class=\"col content-box-wrapper content-wrapper link-area-link-icon content-icon-wrapper-yes icon-hover-animation-fade\" data-animationOffset=\"top-into-view\"><div class=\"heading icon-left\"><h2 class=\"content-box-heading\" style=\"--h2_typography-font-size:24px;line-height:29px;\">\u0130stanbul&#039;da Sa\u011fl\u0131k Turizmi ve Konforlu Seyahat Hizmetleri<\/h2><\/div><div class=\"fusion-clearfix\"><\/div><div class=\"content-container\">\n<h3 data-fontsize=\"40\" style=\"--fontSize: 40; line-height: 1.2;\" data-lineheight=\"48px\" class=\"fusion-responsive-typography-calculated\"><\/h3>\n<p>LAMYA HEALTH TRAVEL &#8211; Sa\u011fl\u0131k Turizminde G\u00fcvenilir Orta\u011f\u0131n\u0131z<\/p>\n<p>T\u00fcrkiye sa\u011fl\u0131k turizmi i\u00e7in en iyi destinasyonlardan biri haline gelmi\u015ftir ve \u0130stanbul d\u00fcnya standartlar\u0131ndaki t\u0131bbi tesisleri sayesinde bu alanda ba\u015f\u0131 \u00e7ekmektedir. Lamiya Health Travel&#8217;da, sa\u011fl\u0131\u011f\u0131n\u0131za odaklanabilmeniz i\u00e7in havaalan\u0131 transferlerinden birinci s\u0131n\u0131f konaklamalara kadar her \u015feyi hallederek sorunsuz, stressiz ve \u00f6d\u00fcllendirici bir t\u0131bbi yolculuk sa\u011fl\u0131yoruz.<\/p>\n<p>Sorunsuz Havaalan\u0131 Transferleri<\/p>\n<p>\u0130stanbul Havaliman\u0131 ve Sabiha G\u00f6k\u00e7en Havaliman\u0131&#8217;ndan sorunsuz, dakik transferler sa\u011fl\u0131yor, sorunsuz bir var\u0131\u015f sa\u011flamak i\u00e7in u\u00e7u\u015flar\u0131 ger\u00e7ek zamanl\u0131 olarak takip ediyoruz.<\/p>\n<p>\u2714\ufe0f Konforlu Ara\u00e7lar &#8211; VIP arabalar, minib\u00fcsler ve \u00f6zel transferler<\/p>\n<p>\u2714\ufe0f Profesyonel S\u00fcr\u00fcc\u00fcler &#8211; G\u00fcvenli, nazik ve deneyimli<\/p>\n<p>\u2714\ufe0f Hijyenik ve Sa\u011fl\u0131k Odakl\u0131 &#8211; T\u0131bbi seyahat edenler i\u00e7in \u00f6zel olarak tasarlanm\u0131\u015f dezenfekte edilmi\u015f ara\u00e7lar<\/p>\n<p>\u2714\ufe0f Do\u011frudan Transferler &#8211; Gereksiz duraklamalar yok, do\u011frudan otelinize veya klini\u011finize<\/p>\n<p>\u0130stanbul&#8217;da Premium Konaklama<\/p>\n<p>Rahat\u0131n\u0131z ve g\u00fcvenli\u011finiz bizim \u00f6nceli\u011fimizdir. T\u0131p merkezlerinin yak\u0131n\u0131nda, b\u00fct\u00e7enize ve ihtiya\u00e7lar\u0131n\u0131za g\u00f6re \u00f6zenle se\u00e7ilmi\u015f konaklamalar sunuyoruz.<\/p>\n<p>\ud83c\udfe8 L\u00fcks Oteller &#8211; \u00dcst\u00fcn hizmetlere sahip 5 y\u0131ld\u0131zl\u0131 tesisler<\/p>\n<p>\ud83c\udfe1 Butik Oteller &#8211; Ki\u015fiselle\u015ftirilmi\u015f misafirperverlik ile rahat, samimi konaklamalar<\/p>\n<p>\ud83c\udfe2 Apart Oteller ve \u00d6zel Rezidanslar &#8211; Uzun s\u00fcreli konaklamalar ve mahremiyet i\u00e7in ideal<\/p>\n<p>7\/24 misafir deste\u011fi, ihtiya\u00e7 duyuldu\u011funda yard\u0131m sa\u011flar.<\/p>\n<p>Neden Lamiya Health Travel&#8217;\u0131 Se\u00e7melisiniz?<\/p>\n<p>\u2714\ufe0f Ki\u015fiye \u00d6zel Planlar &#8211; Ki\u015fiselle\u015ftirilmi\u015f seyahat ve t\u0131bbi \u00e7\u00f6z\u00fcmler<\/p>\n<p>\u2714\ufe0f U\u00e7tan Uca Hizmet &#8211; Var\u0131\u015ftan kurtarmaya kadar her \u015feyi biz hallediyoruz<\/p>\n<p>\u2714\ufe0f \u015eehir Turlar\u0131 ve K\u00fclt\u00fcr &#8211; Tedavinizin yan\u0131 s\u0131ra \u0130stanbul&#8217;un zengin tarihini deneyimleyin<\/p>\n<p>\u2714\ufe0f Tedavi Sonras\u0131 Destek &#8211; \u0130\u015fleminizden sonra takipler ve bak\u0131m<\/p>\n<p>Sa\u011fl\u0131k Turizminde G\u00fcvenilir \u0130sminiz<\/p>\n<p>Lamiya Health Travel olarak, T\u00fcrkiye&#8217;de sorunsuz ve endi\u015fesiz bir t\u0131bbi yolculuk sa\u011flamak i\u00e7in ola\u011fan\u00fcst\u00fc hizmet ve birinci s\u0131n\u0131f bak\u0131m taahh\u00fct ediyoruz.<\/p>\n<p>\ud83d\udccd \u0130stanbul&#8217;un Kalbinde Sa\u011fl\u0131k ve Konforu Ya\u015fay\u0131n!<\/p>\n<\/div><\/div><\/div><div class=\"fusion-clearfix\"><\/div><\/div><\/div><\/div><\/div><\/div>\n","protected":false},"excerpt":{"rendered":"","protected":false},"author":1,"featured_media":0,"parent":0,"menu_order":0,"comment_status":"closed","ping_status":"closed","template":"100-width.php","meta":{"footnotes":""},"class_list":["post-116","page","type-page","status-publish","hentry"],"_links":{"self":[{"href":"https:\/\/lamiahealthtravel.com\/tr\/wp-json\/wp\/v2\/pages\/116","targetHints":{"allow":["GET"]}}],"collection":[{"href":"https:\/\/lamiahealthtravel.com\/tr\/wp-json\/wp\/v2\/pages"}],"about":[{"href":"https:\/\/lamiahealthtravel.com\/tr\/wp-json\/wp\/v2\/types\/page"}],"author":[{"embeddable":true,"href":"https:\/\/lamiahealthtravel.com\/tr\/wp-json\/wp\/v2\/users\/1"}],"replies":[{"embeddable":true,"href":"https:\/\/lamiahealthtravel.com\/tr\/wp-json\/wp\/v2\/comments?post=116"}],"version-history":[{"count":2,"href":"https:\/\/lamiahealthtravel.com\/tr\/wp-json\/wp\/v2\/pages\/116\/revisions"}],"predecessor-version":[{"id":119,"href":"https:\/\/lamiahealthtravel.com\/tr\/wp-json\/wp\/v2\/pages\/116\/revisions\/119"}],"wp:attachment":[{"href":"https:\/\/lamiahealthtravel.com\/tr\/wp-json\/wp\/v2\/media?parent=116"}],"curies":[{"name":"wp","href":"https:\/\/api.w.org\/{rel}","templated":true}]}}