{"id":117,"date":"2025-02-01T14:04:28","date_gmt":"2025-02-01T14:04:28","guid":{"rendered":"https:\/\/lamiahealthtravel.com\/hakkimizda\/"},"modified":"2025-02-03T12:10:52","modified_gmt":"2025-02-03T12:10:52","slug":"hakkimizda","status":"publish","type":"page","link":"https:\/\/lamiahealthtravel.com\/tr\/hakkimizda\/","title":{"rendered":"Hakk\u0131m\u0131zda"},"content":{"rendered":"<div class=\"fusion-fullwidth fullwidth-box fusion-builder-row-1 fusion-flex-container has-pattern-background has-mask-background nonhundred-percent-fullwidth non-hundred-percent-height-scrolling\" style=\"--link_hover_color: var(--awb-color4);--link_color: var(--awb-color4);--awb-background-position:right top;--awb-background-blend-mode:overlay;--awb-border-color:var(--awb-color8);--awb-border-radius-top-left:0px;--awb-border-radius-top-right:0px;--awb-border-radius-bottom-right:0px;--awb-border-radius-bottom-left:0px;--awb-padding-top:120px;--awb-padding-bottom:120px;--awb-padding-top-medium:90px;--awb-padding-bottom-medium:90px;--awb-padding-top-small:80px;--awb-padding-bottom-small:80px;--awb-margin-bottom-medium:0px;--awb-background-color:var(--awb-color8);--awb-flex-wrap:wrap;\" id=\"who\" ><div class=\"fusion-builder-row fusion-row fusion-flex-align-items-center fusion-flex-content-wrap\" style=\"max-width:1248px;margin-left: calc(-4% \/ 2 );margin-right: calc(-4% \/ 2 );\"><div class=\"fusion-layout-column fusion_builder_column fusion-builder-column-0 fusion_builder_column_1_1 1_1 fusion-flex-column fusion-animated\" style=\"--awb-padding-bottom-medium:0px;--awb-bg-size:cover;--awb-width-large:100%;--awb-margin-top-large:0px;--awb-spacing-right-large:1.92%;--awb-margin-bottom-large:0px;--awb-spacing-left-large:55px;--awb-width-medium:50%;--awb-order-medium:0;--awb-spacing-right-medium:3.84%;--awb-spacing-left-medium:20px;--awb-width-small:100%;--awb-order-small:0;--awb-spacing-right-small:1.92%;--awb-spacing-left-small:20px;\" data-animationType=\"fadeInRight\" data-animationDuration=\"1.3\" data-animationOffset=\"top-into-view\"><div class=\"fusion-column-wrapper fusion-column-has-shadow fusion-flex-justify-content-flex-start fusion-content-layout-column\"><div class=\"fusion-title title fusion-title-1 fusion-sep-none fusion-title-text fusion-title-size-div\" style=\"--awb-text-color:var(--awb-color8);--awb-margin-top:0px;--awb-margin-right:30px;--awb-margin-right-small:30px;--awb-font-size:var(--awb-typography5-font-size);\"><div class=\"fusion-title-heading title-heading-left title-heading-tag\" style=\"font-family:var(--awb-typography5-font-family);font-weight:var(--awb-typography5-font-weight);font-style:var(--awb-typography5-font-style);margin:0;font-size:1em;letter-spacing:var(--awb-typography5-letter-spacing);text-transform:var(--awb-typography5-text-transform);line-height:var(--awb-typography5-line-height);\"><span class=\"fusion-highlight custom-textcolor highlight1 awb-highlight-background\" style=\"--awb-color:var(--awb-color7);--awb-text-color:var(--awb-color1);\">En iyi \u00e7\u00f6z\u00fcmler<\/span><\/div><\/div><div class=\"fusion-title title fusion-title-2 fusion-no-small-visibility fusion-no-medium-visibility fusion-sep-none fusion-title-text fusion-title-size-two\" style=\"--awb-text-color:var(--awb-color1);--awb-margin-bottom:30px;\"><h2 class=\"fusion-title-heading title-heading-left\" style=\"margin:0;\">Lamia Sa\u011fl\u0131k ve Turizm Hakk\u0131nda<\/h2><\/div><div class=\"fusion-title title fusion-title-3 fusion-no-large-visibility fusion-sep-none fusion-title-text fusion-title-size-two\" style=\"--awb-text-color:var(--awb-color1);--awb-margin-bottom:30px;--awb-font-size:39px;\"><h2 class=\"fusion-title-heading title-heading-left\" style=\"margin:0;font-size:1em;\">Hedeflerinize ula\u015fmak i\u00e7in ger\u00e7ek hayat stratejisi.<\/h2><\/div><div class=\"fusion-text fusion-text-1 fusion-text-no-margin\" style=\"--awb-text-color:var(--awb-color1);--awb-margin-bottom:10px;\"><p>Sa\u011fl\u0131k turizmi, hastalar\u0131n d\u00fcnya \u00e7ap\u0131nda y\u00fcksek kaliteli ve uygun fiyatl\u0131 sa\u011fl\u0131k hizmetlerine eri\u015fimini sa\u011flar. Lamiya Health Travel, hastalar\u0131 do\u011fru hastane ve doktorlarla bulu\u015fturarak sorunsuz bir deneyim sa\u011flar.<\/p>\n<p>Uluslararas\u0131 akreditasyona sahip hastaneleri ve uzman doktorlar\u0131 se\u00e7erek her hastan\u0131n ihtiya\u00e7lar\u0131n\u0131 dikkatle de\u011ferlendiriyoruz. Ekibimiz kons\u00fcltasyonlar\u0131 organize eder, t\u0131bbi ge\u00e7mi\u015fleri g\u00f6zden ge\u00e7irir ve tedavi s\u00fcreci boyunca tam destek sa\u011flar.<\/p>\n<p>T\u0131bbi bak\u0131m\u0131n \u00f6tesinde, ula\u015f\u0131m ve konaklama da dahil olmak \u00fczere t\u00fcm lojisti\u011fi ele alarak stressiz bir yolculuk sa\u011fl\u0131yoruz. Lamiya Health Travel ile sadece \u00fcst d\u00fczey sa\u011fl\u0131k hizmeti de\u011fil, ayn\u0131 zamanda her ad\u0131mda g\u00fcven ve huzur da al\u0131rs\u0131n\u0131z.<\/p>\n<\/div><div class=\"fusion-separator fusion-full-width-sep\" style=\"align-self: center;margin-left: auto;margin-right: auto;margin-top:30px;margin-bottom:10px;width:100%;\"><div class=\"fusion-separator-border sep-single sep-solid\" style=\"--awb-height:20px;--awb-amount:20px;border-color:var(--awb-color6);border-top-width:1px;\"><\/div><\/div><\/div><\/div><\/div><\/div>\n","protected":false},"excerpt":{"rendered":"","protected":false},"author":1,"featured_media":0,"parent":0,"menu_order":0,"comment_status":"closed","ping_status":"closed","template":"100-width.php","meta":{"footnotes":""},"class_list":["post-117","page","type-page","status-publish","hentry"],"_links":{"self":[{"href":"https:\/\/lamiahealthtravel.com\/tr\/wp-json\/wp\/v2\/pages\/117","targetHints":{"allow":["GET"]}}],"collection":[{"href":"https:\/\/lamiahealthtravel.com\/tr\/wp-json\/wp\/v2\/pages"}],"about":[{"href":"https:\/\/lamiahealthtravel.com\/tr\/wp-json\/wp\/v2\/types\/page"}],"author":[{"embeddable":true,"href":"https:\/\/lamiahealthtravel.com\/tr\/wp-json\/wp\/v2\/users\/1"}],"replies":[{"embeddable":true,"href":"https:\/\/lamiahealthtravel.com\/tr\/wp-json\/wp\/v2\/comments?post=117"}],"version-history":[{"count":2,"href":"https:\/\/lamiahealthtravel.com\/tr\/wp-json\/wp\/v2\/pages\/117\/revisions"}],"predecessor-version":[{"id":121,"href":"https:\/\/lamiahealthtravel.com\/tr\/wp-json\/wp\/v2\/pages\/117\/revisions\/121"}],"wp:attachment":[{"href":"https:\/\/lamiahealthtravel.com\/tr\/wp-json\/wp\/v2\/media?parent=117"}],"curies":[{"name":"wp","href":"https:\/\/api.w.org\/{rel}","templated":true}]}}